{"id":6267,"date":"2025-12-04T23:27:29","date_gmt":"2025-12-04T23:27:29","guid":{"rendered":"https:\/\/linkpaperoficial.com.br\/?post_type=product&#038;p=6267"},"modified":"2025-12-04T23:35:49","modified_gmt":"2025-12-04T23:35:49","slug":"adesivos-do-link-paper","status":"publish","type":"product","link":"https:\/\/linkpaperoficial.com.br\/?product=adesivos-do-link-paper","title":{"rendered":"Adesivos do Link Paper"},"content":{"rendered":"<p data-start=\"220\" data-end=\"492\">Os <strong data-start=\"223\" data-end=\"267\">Adesivos Link Paper <\/strong>s\u00e3o perfeitos para quem ama personaliza\u00e7\u00e3o, criatividade e um toque geek &amp; cute no dia a dia! Ideais para decorar cadernos, estojos, planners, notebooks, celulares, embalagens ou at\u00e9 enviar aos clientes como mimo especial.<\/p>\n<p data-start=\"494\" data-end=\"787\">Com impress\u00e3o n\u00edtida, cores vibrantes e acabamento de alta qualidade, cada adesivo tem <strong data-start=\"581\" data-end=\"589\">5 cm<\/strong>, o tamanho ideal para destacar sua personalidade sem ocupar muito espa\u00e7o. S\u00e3o adesivos resistentes, f\u00e1ceis de aplicar e perfeitos para colecionar, presentear ou usar em artesanato e scrapbooking.<\/p>\n<p data-start=\"789\" data-end=\"968\">Perfeitos para estudantes, f\u00e3s de papelaria criativa e pessoas que amam adicionar charme aos seus itens, esses adesivos trazem o estilo \u00fanico da <strong data-start=\"934\" data-end=\"948\">Link Paper<\/strong> para o seu mundo.<\/p>\n<p data-start=\"970\" data-end=\"989\">\ud83d\udccc <strong data-start=\"973\" data-end=\"987\">Destaques:<\/strong><\/p>\n<ul data-start=\"990\" data-end=\"1228\">\n<li data-start=\"990\" data-end=\"1026\">\n<p data-start=\"992\" data-end=\"1026\">Cont\u00e9m <strong data-start=\"999\" data-end=\"1023\">20 adesivos variados (isso mesmo aleat\u00f3rios com Link nosso mascote em diversas emo\u00e7\u00f5es)<\/strong>;<\/p>\n<\/li>\n<li data-start=\"1027\" data-end=\"1056\">\n<p data-start=\"1029\" data-end=\"1056\">Tamanho de <strong data-start=\"1040\" data-end=\"1053\">5 cm cada<\/strong>;<\/p>\n<\/li>\n<li data-start=\"1057\" data-end=\"1103\">\n<p data-start=\"1059\" data-end=\"1103\">Impress\u00e3o de alta qualidade e cores vivas;<\/p>\n<\/li>\n<li data-start=\"1104\" data-end=\"1173\">\n<p data-start=\"1106\" data-end=\"1173\">Ideais para personalizar materiais escolares, planners e gadgets;<\/p>\n<\/li>\n<li data-start=\"1174\" data-end=\"1228\">\n<p data-start=\"1176\" data-end=\"1228\">\u00d3timos para brindes, lembrancinhas e kits criativos.<\/p>\n<\/li>\n<\/ul>\n","protected":false},"excerpt":{"rendered":"<p>Kit com <strong data-start=\"1279\" data-end=\"1305\">20 adesivos Link Paper<\/strong> de 5 cm, com cores vibrantes e qualidade incr\u00edvel. Perfeitos para personalizar cadernos, planners, estojos, celulares e muito mais. Ideal para quem ama papelaria criativa!<\/p>\n","protected":false},"featured_media":6268,"comment_status":"open","ping_status":"closed","template":"","meta":[],"product_brand":[],"product_cat":[84],"product_tag":[149,150],"class_list":{"0":"post-6267","1":"product","2":"type-product","3":"status-publish","4":"has-post-thumbnail","6":"product_cat-promo","7":"product_tag-adesivos","8":"product_tag-link","10":"first","11":"instock","12":"sale","13":"purchasable","14":"product-type-simple"},"jetpack_sharing_enabled":true,"_links":{"self":[{"href":"https:\/\/linkpaperoficial.com.br\/index.php?rest_route=\/wp\/v2\/product\/6267","targetHints":{"allow":["GET"]}}],"collection":[{"href":"https:\/\/linkpaperoficial.com.br\/index.php?rest_route=\/wp\/v2\/product"}],"about":[{"href":"https:\/\/linkpaperoficial.com.br\/index.php?rest_route=\/wp\/v2\/types\/product"}],"replies":[{"embeddable":true,"href":"https:\/\/linkpaperoficial.com.br\/index.php?rest_route=%2Fwp%2Fv2%2Fcomments&post=6267"}],"wp:featuredmedia":[{"embeddable":true,"href":"https:\/\/linkpaperoficial.com.br\/index.php?rest_route=\/wp\/v2\/media\/6268"}],"wp:attachment":[{"href":"https:\/\/linkpaperoficial.com.br\/index.php?rest_route=%2Fwp%2Fv2%2Fmedia&parent=6267"}],"wp:term":[{"taxonomy":"product_brand","embeddable":true,"href":"https:\/\/linkpaperoficial.com.br\/index.php?rest_route=%2Fwp%2Fv2%2Fproduct_brand&post=6267"},{"taxonomy":"product_cat","embeddable":true,"href":"https:\/\/linkpaperoficial.com.br\/index.php?rest_route=%2Fwp%2Fv2%2Fproduct_cat&post=6267"},{"taxonomy":"product_tag","embeddable":true,"href":"https:\/\/linkpaperoficial.com.br\/index.php?rest_route=%2Fwp%2Fv2%2Fproduct_tag&post=6267"}],"curies":[{"name":"wp","href":"https:\/\/api.w.org\/{rel}","templated":true}]}}