{"id":6244,"date":"2025-11-25T04:00:21","date_gmt":"2025-11-25T04:00:21","guid":{"rendered":"https:\/\/linkpaperoficial.com.br\/?post_type=product&#038;p=6244"},"modified":"2025-11-25T04:04:34","modified_gmt":"2025-11-25T04:04:34","slug":"apontador-fofo-criativo","status":"publish","type":"product","link":"https:\/\/linkpaperoficial.com.br\/?product=apontador-fofo-criativo","title":{"rendered":"Apontador Fofo Criativo"},"content":{"rendered":"<p data-start=\"321\" data-end=\"604\">Torne a rotina escolar muito mais divertida com o <strong data-start=\"373\" data-end=\"411\">Apontador Fofo e Criativo\u00a0<\/strong><\/p>\n<p data-start=\"321\" data-end=\"604\">Com design encantador em formato de <strong data-start=\"451\" data-end=\"515\">ursinho, astronauta, dinossauro e outros modelos super fofos<\/strong>, este apontador transforma o momento de apontar l\u00e1pis em uma verdadeira aventura!<\/p>\n<p data-start=\"606\" data-end=\"908\">Perfeito para crian\u00e7as, estudantes, professores e amantes de papelaria, ele une <strong data-start=\"686\" data-end=\"715\">funcionalidade + est\u00e9tica<\/strong> de um jeito \u00fanico. Produzido com materiais de alta qualidade, oferece <strong data-start=\"786\" data-end=\"813\">afia\u00e7\u00e3o precisa e suave<\/strong>, reduzindo a quebra da ponta do l\u00e1pis e garantindo uma experi\u00eancia incr\u00edvel no dia a dia.<\/p>\n<p data-start=\"910\" data-end=\"1112\">Compacto e leve, cabe facilmente no estojo ou na mochila, sendo ideal para acompanhar a rotina escolar ou de trabalho. Uma op\u00e7\u00e3o perfeita para presentear ou montar kits personalizados de papelaria! \ud83c\udf92\ud83d\udcda<\/p>\n<hr data-start=\"1114\" data-end=\"1117\" \/>\n<h3 data-start=\"1119\" data-end=\"1146\"><strong data-start=\"1123\" data-end=\"1144\">\ud83d\udccc ESPECIFICA\u00c7\u00d5ES<\/strong><\/h3>\n<ul data-start=\"1147\" data-end=\"1338\">\n<li data-start=\"1147\" data-end=\"1180\">\n<p data-start=\"1149\" data-end=\"1180\"><strong data-start=\"1149\" data-end=\"1171\">Tamanho no pacote:<\/strong> 8,3 cm<\/p>\n<\/li>\n<li data-start=\"1181\" data-end=\"1215\">\n<p data-start=\"1183\" data-end=\"1215\"><strong data-start=\"1183\" data-end=\"1206\">Tamanho da unidade:<\/strong> 4,7 cm<\/p>\n<\/li>\n<li data-start=\"1216\" data-end=\"1234\">\n<p data-start=\"1218\" data-end=\"1234\"><strong data-start=\"1218\" data-end=\"1227\">Peso:<\/strong> 32 g<\/p>\n<\/li>\n<li data-start=\"1235\" data-end=\"1293\">\n<p data-start=\"1237\" data-end=\"1293\"><strong data-start=\"1237\" data-end=\"1291\">Modelos enviados sortidos conforme disponibilidade<\/strong><\/p>\n<\/li>\n<li data-start=\"1294\" data-end=\"1338\">\n<p data-start=\"1296\" data-end=\"1338\">Material resistente e acabamento premium<\/p>\n<\/li>\n<\/ul>\n<p>Envio do produto \u00e9 aleat\u00f3rio de acordo com o estoque, mas se houver algum tipo de prefer\u00eancia nos envie por mensagem!!<\/p>\n<h2 data-start=\"1724\" data-end=\"1774\"><img decoding=\"async\" class=\"emoji\" role=\"img\" draggable=\"false\" src=\"https:\/\/s.w.org\/images\/core\/emoji\/16.0.1\/svg\/1f4e6.svg\" alt=\"\ud83d\udce6\" \/>\u00a0<strong data-start=\"1730\" data-end=\"1772\">ENVIO R\u00c1PIDO E EMBALADO COM CARINHO\u00a0<img decoding=\"async\" class=\"emoji\" role=\"img\" draggable=\"false\" src=\"https:\/\/s.w.org\/images\/core\/emoji\/16.0.1\/svg\/1f496.svg\" alt=\"\ud83d\udc96\" \/><\/strong><\/h2>\n<p data-start=\"1775\" data-end=\"1889\">Todos os kits s\u00e3o montados cuidadosamente para chegar at\u00e9 voc\u00ea do jeitinho que merece: lindo, organizado e seguro.<\/p>\n","protected":false},"excerpt":{"rendered":"<p>Apontador fofo e criativo com designs encantadores como ursinho, astronauta e dinossauro. Compacto, resistente e com afia\u00e7\u00e3o precisa \u2014 perfeito para estojo escolar e kits de papelaria.<\/p>\n","protected":false},"featured_media":6245,"comment_status":"open","ping_status":"closed","template":"","meta":[],"product_brand":[],"product_cat":[144,40],"product_tag":[141],"class_list":{"0":"post-6244","1":"product","2":"type-product","3":"status-publish","4":"has-post-thumbnail","6":"product_cat-apontadores","7":"product_cat-papelaria","8":"product_tag-apontadores","10":"first","11":"instock","12":"purchasable","13":"product-type-simple"},"jetpack_sharing_enabled":true,"_links":{"self":[{"href":"https:\/\/linkpaperoficial.com.br\/index.php?rest_route=\/wp\/v2\/product\/6244","targetHints":{"allow":["GET"]}}],"collection":[{"href":"https:\/\/linkpaperoficial.com.br\/index.php?rest_route=\/wp\/v2\/product"}],"about":[{"href":"https:\/\/linkpaperoficial.com.br\/index.php?rest_route=\/wp\/v2\/types\/product"}],"replies":[{"embeddable":true,"href":"https:\/\/linkpaperoficial.com.br\/index.php?rest_route=%2Fwp%2Fv2%2Fcomments&post=6244"}],"wp:featuredmedia":[{"embeddable":true,"href":"https:\/\/linkpaperoficial.com.br\/index.php?rest_route=\/wp\/v2\/media\/6245"}],"wp:attachment":[{"href":"https:\/\/linkpaperoficial.com.br\/index.php?rest_route=%2Fwp%2Fv2%2Fmedia&parent=6244"}],"wp:term":[{"taxonomy":"product_brand","embeddable":true,"href":"https:\/\/linkpaperoficial.com.br\/index.php?rest_route=%2Fwp%2Fv2%2Fproduct_brand&post=6244"},{"taxonomy":"product_cat","embeddable":true,"href":"https:\/\/linkpaperoficial.com.br\/index.php?rest_route=%2Fwp%2Fv2%2Fproduct_cat&post=6244"},{"taxonomy":"product_tag","embeddable":true,"href":"https:\/\/linkpaperoficial.com.br\/index.php?rest_route=%2Fwp%2Fv2%2Fproduct_tag&post=6244"}],"curies":[{"name":"wp","href":"https:\/\/api.w.org\/{rel}","templated":true}]}}