{"id":6148,"date":"2025-11-04T19:54:17","date_gmt":"2025-11-04T19:54:17","guid":{"rendered":"https:\/\/linkpaperoficial.com.br\/?post_type=product&#038;p=6148"},"modified":"2025-11-04T20:17:22","modified_gmt":"2025-11-04T20:17:22","slug":"apontador-kuromi","status":"publish","type":"product","link":"https:\/\/linkpaperoficial.com.br\/?product=apontador-kuromi","title":{"rendered":"Apontador Kuromi"},"content":{"rendered":"<p data-start=\"255\" data-end=\"560\">Deixe seu estojo ainda mais fofo com o <strong data-start=\"294\" data-end=\"341\">Apontador Port\u00e1til Personagem Kuromi 1 Furo<\/strong>! \ud83d\udda4<br data-start=\"346\" data-end=\"349\" \/>Inspirado na personagem mais estilosa da Sanrio, este apontador combina praticidade e charme em um \u00fanico item. Com design compacto e cores vibrantes, \u00e9 perfeito para levar na mochila, na escola ou no trabalho.<\/p>\n<p data-start=\"562\" data-end=\"750\">Al\u00e9m de ser super funcional, o <strong data-start=\"593\" data-end=\"613\">Apontador Kuromi<\/strong> traz um toque de fofura e personalidade para o seu material escolar. Ideal para quem ama papelaria criativa e colecion\u00e1veis da Sanrio!<\/p>\n<p data-start=\"562\" data-end=\"750\"><strong data-start=\"755\" data-end=\"769\">\u2728 Destaques:<\/strong><\/p>\n<ul data-start=\"772\" data-end=\"942\">\n<li data-start=\"772\" data-end=\"814\">\n<p data-start=\"774\" data-end=\"814\">Design exclusivo da personagem Kuromi.<\/p>\n<\/li>\n<li data-start=\"815\" data-end=\"851\">\n<p data-start=\"817\" data-end=\"851\">1 furo, ideal para l\u00e1pis padr\u00e3o.<\/p>\n<\/li>\n<li data-start=\"852\" data-end=\"894\">\n<p data-start=\"854\" data-end=\"894\">Compacto, leve e f\u00e1cil de transportar.<\/p>\n<\/li>\n<li data-start=\"895\" data-end=\"942\">\n<p data-start=\"897\" data-end=\"942\">Produto original inspirado na linha Sanrio.<\/p>\n<\/li>\n<\/ul>\n<p data-start=\"944\" data-end=\"1101\">\ud83d\uded2 Encontre este e muitos outros produtos de papelaria fofa e criativa aqui na <strong data-start=\"1023\" data-end=\"1037\">Link Paper<\/strong> \u2014 o lugar certo para quem ama estudar e trabalhar com estilo!<\/p>\n<p>-Postado com muito carinho ap\u00f3s a confirma\u00e7\u00e3o do pagamento!<\/p>\n<p>-As tonalidades de cores podem variar de acordo com as configura\u00e7\u00f5es de seu monitor ou celular, as imagens s\u00e3o meramente ilustrativas.<\/p>\n<p data-start=\"1103\" data-end=\"1254\"><strong data-start=\"1103\" data-end=\"1126\">Palavras-chave SEO:<\/strong> apontador Kuromi, apontador Sanrio, papelaria fofa, Link Paper, produtos Sanrio, apontador 1 furo, papelaria criativa online.<\/p>\n","protected":false},"excerpt":{"rendered":"<p>Apontador Kuromi 1 furo \u2014 compacto, fofo e cheio de personalidade! \ud83d\udda4 Perfeito para quem ama papelaria criativa e os personagens da Sanrio.<\/p>\n","protected":false},"featured_media":6152,"comment_status":"open","ping_status":"closed","template":"","meta":[],"product_brand":[103],"product_cat":[144,40],"product_tag":[141],"class_list":{"0":"post-6148","1":"product","2":"type-product","3":"status-publish","4":"has-post-thumbnail","6":"product_brand-sanrio","7":"product_cat-apontadores","8":"product_cat-papelaria","9":"product_tag-apontadores","11":"first","12":"instock","13":"purchasable","14":"product-type-variable"},"jetpack_sharing_enabled":true,"_links":{"self":[{"href":"https:\/\/linkpaperoficial.com.br\/index.php?rest_route=\/wp\/v2\/product\/6148","targetHints":{"allow":["GET"]}}],"collection":[{"href":"https:\/\/linkpaperoficial.com.br\/index.php?rest_route=\/wp\/v2\/product"}],"about":[{"href":"https:\/\/linkpaperoficial.com.br\/index.php?rest_route=\/wp\/v2\/types\/product"}],"replies":[{"embeddable":true,"href":"https:\/\/linkpaperoficial.com.br\/index.php?rest_route=%2Fwp%2Fv2%2Fcomments&post=6148"}],"wp:featuredmedia":[{"embeddable":true,"href":"https:\/\/linkpaperoficial.com.br\/index.php?rest_route=\/wp\/v2\/media\/6152"}],"wp:attachment":[{"href":"https:\/\/linkpaperoficial.com.br\/index.php?rest_route=%2Fwp%2Fv2%2Fmedia&parent=6148"}],"wp:term":[{"taxonomy":"product_brand","embeddable":true,"href":"https:\/\/linkpaperoficial.com.br\/index.php?rest_route=%2Fwp%2Fv2%2Fproduct_brand&post=6148"},{"taxonomy":"product_cat","embeddable":true,"href":"https:\/\/linkpaperoficial.com.br\/index.php?rest_route=%2Fwp%2Fv2%2Fproduct_cat&post=6148"},{"taxonomy":"product_tag","embeddable":true,"href":"https:\/\/linkpaperoficial.com.br\/index.php?rest_route=%2Fwp%2Fv2%2Fproduct_tag&post=6148"}],"curies":[{"name":"wp","href":"https:\/\/api.w.org\/{rel}","templated":true}]}}