{"id":6058,"date":"2025-10-29T00:51:16","date_gmt":"2025-10-29T00:51:16","guid":{"rendered":"https:\/\/linkpaperoficial.com.br\/?post_type=product&#038;p=6058"},"modified":"2025-10-29T00:51:16","modified_gmt":"2025-10-29T00:51:16","slug":"caneta-marcadora-avulsa-ponta-dupla","status":"publish","type":"product","link":"https:\/\/linkpaperoficial.com.br\/?product=caneta-marcadora-avulsa-ponta-dupla","title":{"rendered":"Caneta Marcadora Avulsa Ponta Dupla"},"content":{"rendered":"<p data-start=\"391\" data-end=\"612\">A <strong data-start=\"393\" data-end=\"426\">Caneta Marcadora Dupla Ponta <\/strong>\u00e9 perfeita para quem busca versatilidade, cor e precis\u00e3o em cada tra\u00e7o.<\/p>\n<p data-start=\"391\" data-end=\"612\"><strong data-start=\"503\" data-end=\"520\">Venda avulsa:<\/strong> cont\u00e9m <strong data-start=\"528\" data-end=\"540\">1 caneta<\/strong>, e voc\u00ea pode <strong data-start=\"554\" data-end=\"581\">escolher a cor desejada<\/strong> entre as op\u00e7\u00f5es dispon\u00edveis.<\/p>\n<p data-start=\"614\" data-end=\"681\">Com <strong data-start=\"618\" data-end=\"644\">duas pontas funcionais<\/strong>, oferece o melhor dos dois mundos:<\/p>\n<ul data-start=\"682\" data-end=\"817\">\n<li data-start=\"682\" data-end=\"743\">\n<p data-start=\"684\" data-end=\"743\"><strong data-start=\"684\" data-end=\"698\">Ponta fina<\/strong> para tra\u00e7os delicados e detalhes precisos;<\/p>\n<\/li>\n<li data-start=\"744\" data-end=\"817\">\n<p data-start=\"746\" data-end=\"817\"><strong data-start=\"746\" data-end=\"765\">Ponta chanfrada<\/strong> para letras marcantes e preenchimentos criativos.<\/p>\n<\/li>\n<\/ul>\n<p data-start=\"819\" data-end=\"1049\">Sua <strong data-start=\"823\" data-end=\"843\">alta pigmenta\u00e7\u00e3o<\/strong> garante cores vibrantes e intensas, ideais para destacar suas anota\u00e7\u00f5es, lettering, ilustra\u00e7\u00f5es ou projetos art\u00edsticos.<br data-start=\"963\" data-end=\"966\" \/>O <strong data-start=\"968\" data-end=\"1005\">corpo preto com design ergon\u00f4mico<\/strong> oferece conforto e firmeza durante o uso.<\/p>\n<p data-start=\"1051\" data-end=\"1152\">\ud83d\udda4 <strong data-start=\"1054\" data-end=\"1078\">Dica de conserva\u00e7\u00e3o:<\/strong> mantenha a caneta na posi\u00e7\u00e3o horizontal para aumentar sua durabilidade.<\/p>\n<blockquote data-start=\"1154\" data-end=\"1258\"><p>As cores s\u00e3o <strong data-start=\"1169\" data-end=\"1210\">aproximadamente iguais \u00e0s do cat\u00e1logo<\/strong>, podendo variar levemente conforme o monitor.<\/p><\/blockquote>\n<p data-start=\"1260\" data-end=\"1387\">Ideal para quem ama <strong data-start=\"1283\" data-end=\"1305\">papelaria criativa<\/strong>, faz <strong data-start=\"1311\" data-end=\"1324\">lettering<\/strong>, <strong data-start=\"1326\" data-end=\"1337\">desenha<\/strong> ou quer deixar o estudo mais bonito e colorido!<\/p>\n<p data-start=\"1260\" data-end=\"1387\"><strong data-end=\"105\" data-start=\"63\">Venda avulsa ? cont\u00e9m apenas 1 caneta.<\/strong>\u00a0Escolha a cor desejada entre as dispon\u00edveis.<\/p>\n","protected":false},"excerpt":{"rendered":"<p>Caneta Marcadora dupla ponta com tra\u00e7o fino e chanfrado. Alta pigmenta\u00e7\u00e3o, corpo preto e design confort\u00e1vel. Ideal para lettering, ilustra\u00e7\u00f5es e anota\u00e7\u00f5es criativas. <strong data-start=\"327\" data-end=\"356\">Venda avulsa \u2013 1 unidade.<\/strong> Escolha sua cor favorita!<\/p>\n","protected":false},"featured_media":6059,"comment_status":"open","ping_status":"closed","template":"","meta":[],"product_brand":[],"product_cat":[42,40],"product_tag":[75,93],"class_list":{"0":"post-6058","1":"product","2":"type-product","3":"status-publish","4":"has-post-thumbnail","6":"product_cat-canetas","7":"product_cat-papelaria","8":"product_tag-canetas","9":"product_tag-comfy","11":"first","12":"instock","13":"taxable","14":"shipping-taxable","15":"purchasable","16":"product-type-simple"},"jetpack_sharing_enabled":true,"_links":{"self":[{"href":"https:\/\/linkpaperoficial.com.br\/index.php?rest_route=\/wp\/v2\/product\/6058","targetHints":{"allow":["GET"]}}],"collection":[{"href":"https:\/\/linkpaperoficial.com.br\/index.php?rest_route=\/wp\/v2\/product"}],"about":[{"href":"https:\/\/linkpaperoficial.com.br\/index.php?rest_route=\/wp\/v2\/types\/product"}],"replies":[{"embeddable":true,"href":"https:\/\/linkpaperoficial.com.br\/index.php?rest_route=%2Fwp%2Fv2%2Fcomments&post=6058"}],"wp:featuredmedia":[{"embeddable":true,"href":"https:\/\/linkpaperoficial.com.br\/index.php?rest_route=\/wp\/v2\/media\/6059"}],"wp:attachment":[{"href":"https:\/\/linkpaperoficial.com.br\/index.php?rest_route=%2Fwp%2Fv2%2Fmedia&parent=6058"}],"wp:term":[{"taxonomy":"product_brand","embeddable":true,"href":"https:\/\/linkpaperoficial.com.br\/index.php?rest_route=%2Fwp%2Fv2%2Fproduct_brand&post=6058"},{"taxonomy":"product_cat","embeddable":true,"href":"https:\/\/linkpaperoficial.com.br\/index.php?rest_route=%2Fwp%2Fv2%2Fproduct_cat&post=6058"},{"taxonomy":"product_tag","embeddable":true,"href":"https:\/\/linkpaperoficial.com.br\/index.php?rest_route=%2Fwp%2Fv2%2Fproduct_tag&post=6058"}],"curies":[{"name":"wp","href":"https:\/\/api.w.org\/{rel}","templated":true}]}}