{"id":5704,"date":"2013-08-10T10:15:29","date_gmt":"2013-08-10T10:15:29","guid":{"rendered":"http:\/\/uxthemes.wpengine.com\/?post_type=product&#038;p=411"},"modified":"2025-10-28T21:42:30","modified_gmt":"2025-10-28T21:42:30","slug":"borrachas-fini","status":"publish","type":"product","link":"https:\/\/linkpaperoficial.com.br\/?product=borrachas-fini","title":{"rendered":"Borracha com aroma Fini"},"content":{"rendered":"<p class=\"QN2lPu\">A Borracha Decorada c\/ Aroma Fini traz um aroma especial e divers\u00e3o para o dia a dia.<\/p>\n<p class=\"QN2lPu\">Com 5 estampas diferentes dos personagens da Fini e formatos variados, ela transforma o simples ato de apagar em uma experi\u00eancia \u00fanica e encantadora.<\/p>\n<p class=\"QN2lPu\">O aroma agrad\u00e1vel e exclusivo torna o uso ainda mais especial.<\/p>\n<p class=\"QN2lPu\">Com excelente qualidade, a borracha remove tra\u00e7os de l\u00e1pis de forma eficiente sem danificar o papel.<\/p>\n<p class=\"QN2lPu\">Macia e confort\u00e1vel, \u00e9 ideal para uso na escola ou no escrit\u00f3rio.<\/p>\n<p class=\"QN2lPu\">At\u00f3xica e colecion\u00e1vel, \u00e9 perfeita para quem busca criatividade e funcionalidade em um \u00fanico produto. Sortido envido conforme disponibilidade em estoque<\/p>\n<p class=\"QN2lPu\">Venda a unidade.<\/p>\n","protected":false},"excerpt":{"rendered":"<p>Mini Borrachas Com Formatos dos Personagens da Fini Estampa Exclusiva da Fini Com Aroma no Corpo do Produto.<\/p>\n","protected":false},"featured_media":5914,"comment_status":"open","ping_status":"closed","template":"","meta":[],"product_brand":[85],"product_cat":[66,40],"product_tag":[86],"class_list":{"0":"post-5704","1":"product","2":"type-product","3":"status-publish","4":"has-post-thumbnail","6":"product_brand-fini","7":"product_cat-borrachas","8":"product_cat-papelaria","9":"product_tag-borrachas","11":"first","12":"instock","13":"featured","14":"taxable","15":"shipping-taxable","16":"purchasable","17":"product-type-simple"},"jetpack_sharing_enabled":true,"_links":{"self":[{"href":"https:\/\/linkpaperoficial.com.br\/index.php?rest_route=\/wp\/v2\/product\/5704","targetHints":{"allow":["GET"]}}],"collection":[{"href":"https:\/\/linkpaperoficial.com.br\/index.php?rest_route=\/wp\/v2\/product"}],"about":[{"href":"https:\/\/linkpaperoficial.com.br\/index.php?rest_route=\/wp\/v2\/types\/product"}],"replies":[{"embeddable":true,"href":"https:\/\/linkpaperoficial.com.br\/index.php?rest_route=%2Fwp%2Fv2%2Fcomments&post=5704"}],"wp:featuredmedia":[{"embeddable":true,"href":"https:\/\/linkpaperoficial.com.br\/index.php?rest_route=\/wp\/v2\/media\/5914"}],"wp:attachment":[{"href":"https:\/\/linkpaperoficial.com.br\/index.php?rest_route=%2Fwp%2Fv2%2Fmedia&parent=5704"}],"wp:term":[{"taxonomy":"product_brand","embeddable":true,"href":"https:\/\/linkpaperoficial.com.br\/index.php?rest_route=%2Fwp%2Fv2%2Fproduct_brand&post=5704"},{"taxonomy":"product_cat","embeddable":true,"href":"https:\/\/linkpaperoficial.com.br\/index.php?rest_route=%2Fwp%2Fv2%2Fproduct_cat&post=5704"},{"taxonomy":"product_tag","embeddable":true,"href":"https:\/\/linkpaperoficial.com.br\/index.php?rest_route=%2Fwp%2Fv2%2Fproduct_tag&post=5704"}],"curies":[{"name":"wp","href":"https:\/\/api.w.org\/{rel}","templated":true}]}}