{"id":5701,"date":"2013-08-10T10:21:47","date_gmt":"2013-08-10T10:21:47","guid":{"rendered":"http:\/\/uxthemes.wpengine.com\/?post_type=product&#038;p=427"},"modified":"2025-10-25T03:25:02","modified_gmt":"2025-10-25T03:25:02","slug":"cola-bastao-tris-astro","status":"publish","type":"product","link":"https:\/\/linkpaperoficial.com.br\/?product=cola-bastao-tris-astro","title":{"rendered":"Cola Bastao Tris &#8211; Astro"},"content":{"rendered":"<p>Explore um universo de imagina\u00e7\u00e3o com os produtos tem\u00e1ticos Astro.<\/p>\n<p>As colas com topper que j\u00e1 s\u00e3o um sucesso na marca, agora est\u00e3o ainda mais divertidas!<\/p>\n<p>S\u00e3o estampas e formatos de astronautas e foguete, para dar aquele toque especial ao seu estojo!<\/p>\n<p>Al\u00e9m disso, \u00e9 uma cola de alta resist\u00eancia ao calor, com \u00f3tima ader\u00eancia e secagem super r\u00e1pida.<\/p>\n<p>Marca: Tris<\/p>\n<p>Quantidade: 10g<\/p>\n","protected":false},"excerpt":{"rendered":"<p>Cola Bastao Tris &#8211; Astro &#8211; 10g &#8211; Perfeita para sua imagina\u00e7\u00e3o!<\/p>\n","protected":false},"featured_media":5916,"comment_status":"open","ping_status":"closed","template":"","meta":[],"product_brand":[78],"product_cat":[40],"product_tag":[79,80],"class_list":{"0":"post-5701","1":"product","2":"type-product","3":"status-publish","4":"has-post-thumbnail","6":"product_brand-tris","7":"product_cat-papelaria","8":"product_tag-cola","9":"product_tag-papelaria","11":"first","12":"instock","13":"taxable","14":"shipping-taxable","15":"purchasable","16":"product-type-simple"},"jetpack_sharing_enabled":true,"_links":{"self":[{"href":"https:\/\/linkpaperoficial.com.br\/index.php?rest_route=\/wp\/v2\/product\/5701","targetHints":{"allow":["GET"]}}],"collection":[{"href":"https:\/\/linkpaperoficial.com.br\/index.php?rest_route=\/wp\/v2\/product"}],"about":[{"href":"https:\/\/linkpaperoficial.com.br\/index.php?rest_route=\/wp\/v2\/types\/product"}],"replies":[{"embeddable":true,"href":"https:\/\/linkpaperoficial.com.br\/index.php?rest_route=%2Fwp%2Fv2%2Fcomments&post=5701"}],"wp:featuredmedia":[{"embeddable":true,"href":"https:\/\/linkpaperoficial.com.br\/index.php?rest_route=\/wp\/v2\/media\/5916"}],"wp:attachment":[{"href":"https:\/\/linkpaperoficial.com.br\/index.php?rest_route=%2Fwp%2Fv2%2Fmedia&parent=5701"}],"wp:term":[{"taxonomy":"product_brand","embeddable":true,"href":"https:\/\/linkpaperoficial.com.br\/index.php?rest_route=%2Fwp%2Fv2%2Fproduct_brand&post=5701"},{"taxonomy":"product_cat","embeddable":true,"href":"https:\/\/linkpaperoficial.com.br\/index.php?rest_route=%2Fwp%2Fv2%2Fproduct_cat&post=5701"},{"taxonomy":"product_tag","embeddable":true,"href":"https:\/\/linkpaperoficial.com.br\/index.php?rest_route=%2Fwp%2Fv2%2Fproduct_tag&post=5701"}],"curies":[{"name":"wp","href":"https:\/\/api.w.org\/{rel}","templated":true}]}}