{"id":5983,"date":"2025-10-22T16:18:46","date_gmt":"2025-10-22T16:18:46","guid":{"rendered":"https:\/\/linkpaperoficial.com.br\/?page_id=5983"},"modified":"2025-11-21T04:02:12","modified_gmt":"2025-11-21T04:02:12","slug":"entrega","status":"publish","type":"page","link":"https:\/\/linkpaperoficial.com.br\/?page_id=5983","title":{"rendered":"Entrega"},"content":{"rendered":"\n<div class=\"container section-title-container\" ><h3 class=\"section-title section-title-normal\"><b aria-hidden=\"true\"><\/b><span class=\"section-title-main\" >Entrega<\/span><b aria-hidden=\"true\"><\/b><\/h3><\/div>\n\n<div class=\"row\"  id=\"row-263167959\">\n\n\n\t<div id=\"col-278666826\" class=\"col medium-4 small-12 large-4\"  >\n\t\t\t\t<div class=\"col-inner\"  >\n\t\t\t\n\t\t\t\n\n\t<div class=\"ux-menu stack stack-col justify-start ux-menu--divider-solid\">\n\t\t\n\n\t<div class=\"ux-menu-link flex menu-item\">\n\t\t<a class=\"ux-menu-link__link flex\" href=\"https:\/\/linkpaperoficial.com.br\/?page_id=5825\" >\n\t\t\t\t\t\t<span class=\"ux-menu-link__text\">\n\t\t\t\tTrocas e Devolu\u00e7\u00f5es\t\t\t<\/span>\n\t\t<\/a>\n\t<\/div>\n\t\n\n\t<div class=\"ux-menu-link flex menu-item\">\n\t\t<a class=\"ux-menu-link__link flex\" href=\"https:\/\/linkpaperoficial.com.br\/?page_id=3\" >\n\t\t\t\t\t\t<span class=\"ux-menu-link__text\">\n\t\t\t\tPol\u00edtica de Privacidade\t\t\t<\/span>\n\t\t<\/a>\n\t<\/div>\n\t\n\n\t<div class=\"ux-menu-link flex menu-item\">\n\t\t<a class=\"ux-menu-link__link flex\" href=\"https:\/\/linkpaperoficial.com.br\/?page_id=5983\" >\n\t\t\t\t\t\t<span class=\"ux-menu-link__text\">\n\t\t\t\tEntrega\t\t\t<\/span>\n\t\t<\/a>\n\t<\/div>\n\t\n\n\n\t<\/div>\n\t\n\t<div class=\"img has-hover x md-x lg-x y md-y lg-y\" id=\"image_327373415\">\n\t\t\t\t\t\t\t\t<div class=\"img-inner dark\" >\n\t\t\t<img loading=\"lazy\" decoding=\"async\" width=\"223\" height=\"201\" src=\"https:\/\/linkpaperoficial.com.br\/wp-content\/uploads\/2025\/11\/mascote_link_34.png\" class=\"attachment-2048x2048 size-2048x2048\" alt=\"Link_Fretes\" \/>\t\t\t\t\t\t\n\t\t\t\t\t<\/div>\n\t\t\t\t\t\t\t\t\n<style>\n#image_327373415 {\n  width: 80%;\n}\n<\/style>\n\t<\/div>\n\t\n\n\n\t\t<\/div>\n\t\t\t\t\t<\/div>\n\n\t\n\n\t<div id=\"col-500797620\" class=\"col medium-8 small-12 large-8\"  >\n\t\t\t\t<div class=\"col-inner\"  >\n\t\t\t\n\t\t\t\n\n<p>Cobrimos todo o territ\u00f3rio nacional e as entregas s\u00e3o realizadas pelos nossos parceiros (Transportadoras\/Correios). O valor e prazo de entrega podem ser visualizados no fechamento do pedido.<\/p>\n<p>O c\u00e1lculo \u00e9 realizado de acordo com:<\/p>\n<p>Regi\u00e3o em que voc\u00ea se encontra;<br \/>\nPeso dos produtos e\/ou cubagem (medida da embalagem).<br \/>\nOs pedidos processados em feriados e finais de semana ser\u00e3o processados no seguinte dia \u00fatil.<\/p>\n<p>\u00c9 importante o preenchimento correto do endere\u00e7o de entrega, para o cumprimento do prazo estimado pelos parceiros. Ser\u00e3o realizadas 3 tentativas de entrega. Em caso de insucesso, a mercadoria ser\u00e1 devolvida e o pedido cancelado.<\/p>\n<p>Na hip\u00f3tese de greve e\/ou servi\u00e7os similares ou quaisquer eventos fortuitos ou de for\u00e7a maior que possam atrasar a entrega dos produtos adquiridos em nosso site, ficar\u00e1 este isento de quaisquer responsabilidades.<\/p>\n<p>A LinkerPaper em conformidade com a lei n\u00b0 13.747\/2009 disponibiliza aos seus clientes a op\u00e7\u00e3o de agendar a retirda e programa uma data no per\u00edodo da entrega: manh\u00e3, tarde (Este servi\u00e7o est\u00e1 dispon\u00edvel apenas para o cidade de Sao Pedro da Aldeia &#8211; RJ e n\u00e3o pode ser alterado ap\u00f3s a conclus\u00e3o da compra)<\/p>\n<p>Todo o processo de envio acontece ap\u00f3s aprova\u00e7\u00e3o do pagamento.<\/p>\n\n\t\t<\/div>\n\t\t\t\t\t<\/div>\n\n\t\n\n<\/div>\n\n","protected":false},"excerpt":{"rendered":"","protected":false},"author":1,"featured_media":0,"parent":0,"menu_order":0,"comment_status":"closed","ping_status":"closed","template":"","meta":{"footnotes":""},"class_list":["post-5983","page","type-page","status-publish","hentry"],"_hostinger_reach_plugin_has_subscription_block":false,"_hostinger_reach_plugin_is_elementor":false,"jetpack_sharing_enabled":true,"_links":{"self":[{"href":"https:\/\/linkpaperoficial.com.br\/index.php?rest_route=\/wp\/v2\/pages\/5983","targetHints":{"allow":["GET"]}}],"collection":[{"href":"https:\/\/linkpaperoficial.com.br\/index.php?rest_route=\/wp\/v2\/pages"}],"about":[{"href":"https:\/\/linkpaperoficial.com.br\/index.php?rest_route=\/wp\/v2\/types\/page"}],"author":[{"embeddable":true,"href":"https:\/\/linkpaperoficial.com.br\/index.php?rest_route=\/wp\/v2\/users\/1"}],"replies":[{"embeddable":true,"href":"https:\/\/linkpaperoficial.com.br\/index.php?rest_route=%2Fwp%2Fv2%2Fcomments&post=5983"}],"version-history":[{"count":5,"href":"https:\/\/linkpaperoficial.com.br\/index.php?rest_route=\/wp\/v2\/pages\/5983\/revisions"}],"predecessor-version":[{"id":6221,"href":"https:\/\/linkpaperoficial.com.br\/index.php?rest_route=\/wp\/v2\/pages\/5983\/revisions\/6221"}],"wp:attachment":[{"href":"https:\/\/linkpaperoficial.com.br\/index.php?rest_route=%2Fwp%2Fv2%2Fmedia&parent=5983"}],"curies":[{"name":"wp","href":"https:\/\/api.w.org\/{rel}","templated":true}]}}